{"id":3,"date":"2023-07-20T11:21:05","date_gmt":"2023-07-20T08:21:05","guid":{"rendered":"https:\/\/www.jakke-lisaravinteet.fi\/wordpress\/?page_id=3"},"modified":"2024-09-06T10:31:11","modified_gmt":"2024-09-06T07:31:11","slug":"tietosuojaseloste","status":"publish","type":"page","link":"https:\/\/www.jakke-lisaravinteet.fi\/en\/tietosuojaseloste\/","title":{"rendered":"Privacy policy"},"content":{"rendered":"<h1 class=\"wp-block-heading\">Privacy Policy<\/h1>\n\n\n\n<p><em>Privacy Statement according to EU Privacy Regulation.<\/em><em><br><\/em><strong><br>1. The Registrar<\/strong><\/p>\n\n\n\n<p>Villiniitty Oy<br>Lensulantie 468,\u00a054300 Lappeenranta<br>Tel. +358 40 738 4198<br><a href=\"mailto:info@criollo.fi\">info@jakke-lisaravinteet.fi<\/a><br><a href=\"https:\/\/www.jakke-lisaravinteet.fi\/en\/\">https:\/\/www.jakke-lisaravinteet.fi<\/a><\/p>\n\n\n\n<p><strong>2. Contact person for registry matters<\/strong><\/p>\n\n\n\n<p>Eija Eklund-Miettinen<br>Tel. +358 40 738 4198<br><a href=\"mailto:info@criollo.fi\">info@jakke-lisaravinteet.fi<\/a><\/p>\n\n\n\n<p><strong>3. The name of the registry<\/strong><\/p>\n\n\n\n<p>Villiniitty Oy:n asiakasrekisteri.<\/p>\n\n\n\n<p><strong>4. Purpose of processing of personal data<\/strong><\/p>\n\n\n\n<p>Personal data is processed for the purpose of managing and analyzing customer relationship and other relevant relationship, service delivery, business development and planning, and marketing, distance selling, opinion and market research and customer communications, which can also be done electronically and in a targeted manner.<\/p>\n\n\n\n<p><strong>5. Information content of the register<\/strong><\/p>\n\n\n\n<p>The following information may be processed in the customer register:<\/p>\n\n\n\n<ul class=\"wp-block-list\">\n<li>First and last name<\/li>\n\n\n\n<li>Address<\/li>\n\n\n\n<li>Phone<\/li>\n\n\n\n<li>E-mail<\/li>\n\n\n\n<li>Purchased services and products<\/li>\n<\/ul>\n\n\n\n<p><strong>6.&nbsp;<\/strong><strong>Regular sources of information<\/strong><\/p>\n\n\n\n<p>The customer register information can be obtained from the e-commerce order forms.<\/p>\n\n\n\n<p><strong>7. Regular disclosure of information<\/strong><\/p>\n\n\n\n<p>Asiakasrekisterin sis\u00e4lt\u00f6\u00e4 ei luovuteta Villiniitty Oy:n ulkopuolelle.<\/p>\n\n\n\n<p><strong>8. Transfer of data outside the EU or the EEA<\/strong><\/p>\n\n\n\n<p>Asiakasrekisterin sis\u00e4lt\u00f6\u00e4 ei luovuteta Villiniitty Oy:n ulkopuolelle.<\/p>\n\n\n\n<p><strong>9. Registry Protection Principles<\/strong><\/p>\n\n\n\n<p>All the information in the registry is stored in computer systems which are carefully protected, both network and physically. Only key persons have access to the data and access requires login and password.<\/p>\n\n\n\n<p><strong>10. Exercise of data subject's rights<\/strong><\/p>\n\n\n\n<p>The data subject has the right, under the Personal Data Act, to check what information concerning him\/her is stored in the register.<\/p>\n\n\n\n<p>At the request of the data subject, the personal data shall be subject to any necessary corrections or additions and erroneous, unnecessary, incomplete or outdated data will be deleted.<\/p>\n\n\n\n<p>Tietojen tarkastus ja p\u00e4ivitys tapahtuu ottamalla yhteys Villiniitty Oy:n rekisteriasioita hoitavaan henkil\u00f6\u00f6n.<\/p>","protected":false},"excerpt":{"rendered":"<p>Rekisteriseloste EU:n tietosuoja-asetuksen mukainen tietosuojaseloste.1. Rekisterinpit\u00e4j\u00e4 Villiniitty OyLensulantie 468,\u00a054300 LappeenrantaPuh. +358 40 738 4198info@jakke-lisaravinteet.fihttps:\/\/www.jakke-lisaravinteet.fi 2. Yhteyshenkil\u00f6 rekisteri\u00e4 koskevissa asioissa Eija Eklund-MiettinenPuh. +358 40 738 4198info@jakke-lisaravinteet.fi 3. Rekisterin nimi Villiniitty Oy:n asiakasrekisteri. 4. Henkil\u00f6tietojen k\u00e4sittelyn tarkoitus Henkil\u00f6tietoja k\u00e4sitell\u00e4\u00e4n asiakkuuden ja muuhun asialliseen yhteyteen liittyv\u00e4n suhteen hoitamiseen ja analysointiin, palveluiden tuottamiseen, liiketoiminnan kehitt\u00e4miseen ja suunnittelemiseen sek\u00e4 markkinointiin, [&hellip;]<\/p>","protected":false},"author":1,"featured_media":0,"parent":0,"menu_order":0,"comment_status":"closed","ping_status":"open","template":"","meta":{"footnotes":""},"class_list":["post-3","page","type-page","status-publish","hentry","entry","owp-thumbs-layout-horizontal","owp-btn-normal","owp-tabs-layout-horizontal","has-no-thumbnails"],"_links":{"self":[{"href":"https:\/\/www.jakke-lisaravinteet.fi\/en\/wp-json\/wp\/v2\/pages\/3","targetHints":{"allow":["GET"]}}],"collection":[{"href":"https:\/\/www.jakke-lisaravinteet.fi\/en\/wp-json\/wp\/v2\/pages"}],"about":[{"href":"https:\/\/www.jakke-lisaravinteet.fi\/en\/wp-json\/wp\/v2\/types\/page"}],"author":[{"embeddable":true,"href":"https:\/\/www.jakke-lisaravinteet.fi\/en\/wp-json\/wp\/v2\/users\/1"}],"replies":[{"embeddable":true,"href":"https:\/\/www.jakke-lisaravinteet.fi\/en\/wp-json\/wp\/v2\/comments?post=3"}],"version-history":[{"count":4,"href":"https:\/\/www.jakke-lisaravinteet.fi\/en\/wp-json\/wp\/v2\/pages\/3\/revisions"}],"predecessor-version":[{"id":1197,"href":"https:\/\/www.jakke-lisaravinteet.fi\/en\/wp-json\/wp\/v2\/pages\/3\/revisions\/1197"}],"wp:attachment":[{"href":"https:\/\/www.jakke-lisaravinteet.fi\/en\/wp-json\/wp\/v2\/media?parent=3"}],"curies":[{"name":"wp","href":"https:\/\/api.w.org\/{rel}","templated":true}]}}