{"id":42,"date":"2023-07-20T11:58:14","date_gmt":"2023-07-20T08:58:14","guid":{"rendered":"https:\/\/www.jakke-lisaravinteet.fi\/wordpress\/?page_id=42"},"modified":"2024-01-12T13:36:28","modified_gmt":"2024-01-12T11:36:28","slug":"kayttajakokemuksia","status":"publish","type":"page","link":"https:\/\/www.jakke-lisaravinteet.fi\/en\/kayttajakokemuksia\/","title":{"rendered":"Reviews"},"content":{"rendered":"<h2 class=\"wp-block-heading has-white-color has-text-color has-background\" style=\"background-color:#1d3ad3\">Jakke Action<\/h2>\n\n\n<div class=\"wp-block-image\">\n<figure class=\"alignright size-large\"><img decoding=\"async\" src=\"https:\/\/www.jakke-lisaravinteet.fi\/wordpress\/wp-content\/uploads\/2023\/07\/kokemuksia_img01-300x225.jpg\" alt=\"\"\/><\/figure>\n<\/div>\n\n\n<p><strong>Jakke Actionilla my\u00f6s toimintaa<\/strong><\/p>\n\n\n\n<p><em>Huipputuote mets\u00e4kaverien hyvinvointiin<\/em><\/p>\n\n\n\n<p><em>Action !!!!<\/em><\/p>\n\n\n\n<p>Johanna<\/p>\n\n\n\n<div style=\"height:20px\" aria-hidden=\"true\" class=\"wp-block-spacer\"><\/div>\n\n\n\n<h2 class=\"wp-block-heading has-white-color has-text-color has-background\" style=\"background-color:#1d3ad3\">Jakke Agility<\/h2>\n\n\n<div class=\"wp-block-image\">\n<figure class=\"alignright size-large\"><img decoding=\"async\" src=\"https:\/\/www.jakke-lisaravinteet.fi\/wordpress\/wp-content\/uploads\/2023\/07\/Iida-Seppalan-Cosmo-kuva-Sanna-Rokka-200x300.jpg\" alt=\"\"\/><\/figure>\n<\/div>\n\n\n<p><em>Me ollaan k\u00e4ytetty Jakke-lis\u00e4ravinteita nyt useampi kuukausi. Suosikkimme on Agility-valmiste, joka sis\u00e4lt\u00e4\u00e4 kaikki nivelten ja luuston hyvinvointia edesauttavat ainesosat, kuten glukosamiini, kondroitisulfaatti, ruusunmarja, MSM, kurkuma, yucca, kollageeni ja hyaluron! Ruusunmarja sis\u00e4lt\u00e4\u00e4 c-vitamiinia ja kurkuman kanssa yhdess\u00e4 se vaimentaa luontaisesti tulehduksia! T\u00e4m\u00e4 tuote on ollut todellakin omiaan tukemaan meit\u00e4 loukkaantuneen toipilaan kanssa, Cosmolla on tapaturman j\u00e4lkeinen lihaksen sidekudostuma, joka vaikuttaa jonkin verran oikean takajalan toimintaan.<\/em><\/p>\n\n\n\n<p><em>Meill\u00e4 suurin muutos tuotteen aloittamisen j\u00e4lkeen on ollut Cosmon loukkaantuneen jalan j\u00e4ykkyyden poistuminen!!&nbsp;<\/em><\/p>\n\n\n\n<p>Iida Sepp\u00e4l\u00e4<\/p>\n\n\n\n<p>Kuva: Sanna Rokka<\/p>\n\n\n\n<div style=\"height:20px\" aria-hidden=\"true\" class=\"wp-block-spacer\"><\/div>\n\n\n<div class=\"wp-block-image\">\n<figure class=\"alignright size-large\"><img decoding=\"async\" src=\"https:\/\/www.jakke-lisaravinteet.fi\/wordpress\/wp-content\/uploads\/2023\/07\/Sofa-ja-koirat-ja-A-300x200.jpg\" alt=\"\"\/><\/figure>\n<\/div>\n\n\n<p><em>Aloitin Jakke Agilityn sy\u00f6tt\u00e4misen koirille vajaa vuosi sitten ja siit\u00e4 l\u00e4htien olen antanut sit\u00e4 joka p\u00e4iv\u00e4. K\u00e4yt\u00f6ss\u00e4 on ollut 500g purkki, josta sy\u00f6 k\u00e4\u00e4pi\u00f6villakoira 1 mitan p\u00e4iv\u00e4ss\u00e4 ja isovillakoira 3 mittaa p\u00e4iv\u00e4ss\u00e4. Purkki on ollut riittoisa, sill\u00e4 se on ollut k\u00e4yt\u00f6ss\u00e4 vajaan vuoden ja sit\u00e4 riitt\u00e4\u00e4 viel\u00e4kin.<\/em><br><br><em>Ero on selv\u00e4sti havaittavissa. Jakke Agility on parantanut koirien liikkuvuutta. Koirat ovat tuntuneet olevan entist\u00e4 paremmin voivia ja fyysisesti tasapainoisia. Into ja energia on lis\u00e4\u00e4ntynyt, mik\u00e4 on vaikuttanut positiivisesti ihan koirien yleisolemukseenkin. Niiden kanssa on mukava puuhata kaikenlaista, kun tehokas palautuminen on taattu Jakke Agilityn avulla.<\/em><\/p>\n\n\n\n<p>Sofia Palvalin ja koirat<\/p>\n\n\n\n<div style=\"height:20px\" aria-hidden=\"true\" class=\"wp-block-spacer\"><\/div>\n\n\n<div class=\"wp-block-image\">\n<figure class=\"alignright size-large\"><img decoding=\"async\" src=\"https:\/\/www.jakke-lisaravinteet.fi\/wordpress\/wp-content\/uploads\/2023\/07\/Petran-koirat-ja-purkit-300x229.jpg\" alt=\"\"\/><\/figure>\n<\/div>\n\n\n<p><em>N\u00e4ill\u00e4 kahdella, kohta 11-vuotiailla k\u00e4\u00e4pi\u00f6pinseri Manulla ja Anilla on ollut aina kova meno p\u00e4\u00e4ll\u00e4. Molemmat ovat harrastaneet aktiivisesti agilitya ja kuten tiedet\u00e4\u00e4n, laji on kropalle eritt\u00e4in kuormittavaa. Molemmat koirat ovat k\u00e4ytt\u00e4neet Jakke Agilitya kolmen vuoden ajan, ja uskon ett\u00e4 Jakke Agilityn ansiosta Manu pysyi viimeiset aktiiviset&nbsp;kisavuotensa&nbsp;hyv\u00e4ss\u00e4 kunnossa. Manu el\u00e4k\u00f6ityi agilitysta&nbsp;10,5 vuotiaana ja viel\u00e4 viimeisiss\u00e4 arvokisoissaan juostiin joukkuetovereiden kanssa SM-joukkuekultaa.<\/em><\/p>\n\n\n\n<p>Petra Malin ja koirat<\/p>\n\n\n\n<div style=\"height:20px\" aria-hidden=\"true\" class=\"wp-block-spacer\"><\/div>\n\n\n\n<p><strong>Jakke Agilityll\u00e4 vetreytt\u00e4<\/strong><\/p>\n\n\n<div class=\"wp-block-image\">\n<figure class=\"alignright size-large\"><img decoding=\"async\" src=\"https:\/\/www.jakke-lisaravinteet.fi\/wordpress\/wp-content\/uploads\/2023\/07\/kokemuksia_img02-300x200.jpg\" alt=\"\"\/><\/figure>\n<\/div>\n\n\n<p><em>Lupasin laittaa palautetta, kun hommasin Jakke Agility\u00e4 koirilleni Lappeenrannan SM-kisojen -17 yhteydess\u00e4&#8230;<strong><\/strong><\/em><\/p>\n\n\n\n<p><em>Suurin ero on kai nyt se, ett\u00e4 koira j\u00e4tt\u00e4\u00e4 ohjaajansa\u2026 kuin seisomaan siell\u00e4 radalla, joten tottakai her\u00e4si kiinnostus, ett\u00e4 mit\u00e4 t\u00e4m\u00e4 oikein on.<\/em><\/p>\n\n\n\n<p><em>En itsek\u00e4\u00e4n t\u00e4st\u00e4 en\u00e4\u00e4 nuorru, joten aamulla her\u00e4tess\u00e4 yleens\u00e4 aina jo koskee johonkin ja illalla se vasta koskeekin. P\u00e4\u00e4tin itse kokeille 6 mitallista Jakkea p\u00e4iv\u00e4ss\u00e4.<\/em><\/p>\n\n\n\n<p><em>Huomasin eron heti! Ensin luulin sit\u00e4 plasebovaikutukseksi, mutta jo ensimm\u00e4isen annoksen j\u00e4lkeen yll\u00e4tyin itsekin, kun ei koskenut mihink\u00e4\u00e4n! Ei voi siis muuta kuin suositella! Kokemusta nyt on oikein omalla perstuntumalla, ett\u00e4 kyseess\u00e4 on loistava tuote!&nbsp;<\/em><\/p>\n\n\n\n<p>Paula Lauanne<\/p>\n\n\n\n<div style=\"height:20px\" aria-hidden=\"true\" class=\"wp-block-spacer\"><\/div>\n\n\n\n<p><strong>Jakke Agilityll\u00e4 tehoa nivelille<\/strong><\/p>\n\n\n<div class=\"wp-block-image\">\n<figure class=\"alignright size-large\"><img decoding=\"async\" src=\"https:\/\/www.jakke-lisaravinteet.fi\/wordpress\/wp-content\/uploads\/2023\/07\/kokemuksia_img03-300x300.jpg\" alt=\"\"\/><\/figure>\n<\/div>\n\n\n<p><em>K\u00e4vin Messukeskuksen koiran\u00e4yttelyn yhteydess\u00e4 teid\u00e4n osastolla joulukuussa -16 ja keskustellimme erilaisista ravitsemusasioista ja keskustelun p\u00e4\u00e4tteeksi sovimme, ett\u00e4 testaan Jakke Agility\u00e4 kilpakoiralleni.<\/em><\/p>\n\n\n\n<p><em>Hunni on nyt 6-vuotias ja on olemme edustaneet sen kanssa Suomea MM-kisoissa kolmena viime vuotena. Treeni ja kisakilometrien karttuessa on sen kroppa ollut useasti koetuksella ja oikeiden lis\u00e4ravinteiden hakeminen on ollut v\u00e4lill\u00e4 haastavaa. Testasin 6 kg painavalle koiralla 3kk:n ajan Jakke agility\u00e4 ja nyt olen antanut 2 viikkoa toista kilpailevaa tuoteyhdistelm\u00e4\u00e4 ja lis\u00e4\u00f6ljy\u00e4. Koiran kinnernivelen naksuminen palasi jo viikon kuluttua valmisteen vaihtuessa. \ud83d\ude41 eli haluan ehdottamasti jatkaa Jakke Agilityn k\u00e4ytt\u00f6\u00e4!<\/em><\/p>\n\n\n\n<p>Iida Vakkuri<\/p>\n\n\n\n<div style=\"height:20px\" aria-hidden=\"true\" class=\"wp-block-spacer\"><\/div>\n\n\n\n<p><strong>Ruuti h\u00e4ik\u00e4isi &#8211; eik\u00e4 ik\u00e4 painanut!&nbsp;<\/strong><\/p>\n\n\n<div class=\"wp-block-image\">\n<figure class=\"alignright size-large\"><img decoding=\"async\" src=\"https:\/\/www.jakke-lisaravinteet.fi\/wordpress\/wp-content\/uploads\/2023\/07\/kokemuksia_img05-300x238.jpg\" alt=\"\"\/><\/figure>\n<\/div>\n\n\n<p><em>Moi! Ruutsa t\u00e4ytti 10 viides p\u00e4iv\u00e4 ja lauantaina voitti kultaa para\u00e4ss\u00e4mmiss\u00e4 kahdella nollaradalla. Miss\u00e4\u00e4n ei n\u00e4y ik\u00e4, ei ole mennyt n\u00e4in notkeesti miesmuistiin ja jaksoi koko p\u00e4iv\u00e4n! KIITOS hyv\u00e4st\u00e4 Jakke Agility -lis\u00e4rehusta! Se toimii!!!<\/em><br><em>T. Outi Huuskonen ja Ruuti, jolle kulta oli kolmas putkeen, nelj\u00e4s yhteens\u00e4.<\/em><\/p>\n\n\n\n<p><em>Ja m\u00e4 kisasin Kategoria 7. Ruutin oikea nimi on Fennican Rurik Jonnisson ja se on s.5.5.2009. Ruutille t\u00e4m\u00e4 oli kolmas per\u00e4tt\u00e4inen voitto (-17,-18 ja -19), sit\u00e4 ennen sill\u00e4 oli hopea (-16), PAWC (eli MM) hopea (-15) ja kulta (-14).<\/em><\/p>\n\n\n\n<p>T\u00e4ss\u00e4 kuva Ruutista ja musta hyp\u00e4rill\u00e4. Kuvaaja on Salla Kuikka.<\/p>\n\n\n\n<p>13.5.2019<\/p>\n\n\n\n<div style=\"height:20px\" aria-hidden=\"true\" class=\"wp-block-spacer\"><\/div>\n\n\n\n<h2 class=\"wp-block-heading has-white-color has-text-color has-background\" style=\"background-color:#1d3ad3\">Jakke GluKo+HA<\/h2>\n\n\n<div class=\"wp-block-image\">\n<figure class=\"alignright size-large\"><img decoding=\"async\" src=\"https:\/\/www.jakke-lisaravinteet.fi\/wordpress\/wp-content\/uploads\/2023\/07\/kokemuksia_img07-300x169.jpg\" alt=\"\"\/><\/figure>\n<\/div>\n\n\n<p><strong>Ajo kulkee<\/strong><\/p>\n\n\n\n<p><em>3 viikkoo sy\u00f6ty Toivonmets\u00e4 kenneliss\u00e4 TyrniVS Jakkea. Lis\u00e4ksi pidemp\u00e4\u00e4n sy\u00f6ty jo Gluko+HA. Meill\u00e4 tuoksuu valkosipuli ja ajot kulkee pupun per\u00e4ss\u00e4.&nbsp;<\/em><\/p>\n\n\n\n<p>Terkuin Johanna H\u00f6\u00f6k<\/p>\n\n\n\n<div style=\"height:20px\" aria-hidden=\"true\" class=\"wp-block-spacer\"><\/div>\n\n\n\n<div style=\"height:20px\" aria-hidden=\"true\" class=\"wp-block-spacer\"><\/div>\n\n\n<div class=\"wp-block-image\">\n<figure class=\"alignright size-large\"><img decoding=\"async\" src=\"https:\/\/www.jakke-lisaravinteet.fi\/wordpress\/wp-content\/uploads\/2023\/07\/kokemuksia_img08-300x300.jpg\" alt=\"\"\/><\/figure>\n<\/div>\n\n\n<p><em>Toivonmets\u00e4 kennelin Lehtipaavalin Laku l\u00e4htee tulevana viikonloppuna (marrask. -16) puolustamaan viime vuoden mestaruutta. Jakke Gluko+HA auttaa meit\u00e4 pysym\u00e4\u00e4n vetreen\u00e4 koko kisakauden&nbsp;<\/em><\/p>\n\n\n\n<p>Johanna H\u00f6\u00f6k<\/p>\n\n\n\n<div style=\"height:20px\" aria-hidden=\"true\" class=\"wp-block-spacer\"><\/div>\n\n\n\n<h2 class=\"wp-block-heading has-white-color has-text-color has-background\" style=\"background-color:#1d3ad3\">Jakke Move+<\/h2>\n\n\n<div class=\"wp-block-image\">\n<figure class=\"alignright size-large\"><img decoding=\"async\" src=\"https:\/\/www.jakke-lisaravinteet.fi\/wordpress\/wp-content\/uploads\/2023\/07\/Amerikanakita-Jami-10-v-ja-Move-225x300.jpg\" alt=\"\"\/><\/figure>\n<\/div>\n\n\n<p><em>Meid\u00e4n pappakoira on t\u00e4st\u00e4 tyk\u00e4nnyt ja ensimm\u00e4inen niveltuote, joka ei ole n\u00e4r\u00e4st\u00e4nyt!<\/em><\/p>\n\n\n\n<p><em>Ostettiin Helsingin voittajassa testiin Jakke Move+ pikku purkki ja nyt jatketaan<\/em><\/p>\n\n\n\n<p><em>isommalla purkilla kohti kes\u00e4\u00e4!<\/em><\/p>\n\n\n\n<p>Kuvassa ylpe\u00e4 Amerikanakita Jami 1 0v<\/p>\n\n\n\n<p>Terveisin Henna<\/p>\n\n\n\n<div style=\"height:20px\" aria-hidden=\"true\" class=\"wp-block-spacer\"><\/div>\n\n\n\n<h2 class=\"wp-block-heading has-white-color has-text-color has-background\" style=\"background-color:#1d3ad3\">Jakke BioMix<\/h2>\n\n\n<div class=\"wp-block-image\">\n<figure class=\"alignright size-large\"><img decoding=\"async\" src=\"https:\/\/www.jakke-lisaravinteet.fi\/wordpress\/wp-content\/uploads\/2023\/07\/kokemuksia_img06-300x204.jpg\" alt=\"\"\/><\/figure>\n<\/div>\n\n\n<p><strong>Apua Jakke BioMixist\u00e4<\/strong><\/p>\n\n\n\n<p><em>Joulukuussa -16 l\u00f6ysin tuotteen Jakke BioMix, jota esiteltiin Messukeskuksessa Helsingiss\u00e4.\u2026<\/em><\/p>\n\n\n\n<p><em>Kev\u00e4\u00e4ll\u00e4 aloitin tuotteen k\u00e4yt\u00f6n s\u00e4\u00e4nn\u00f6llisesti molemmilla koirillani.<\/em><\/p>\n\n\n\n<p><em>Ennen koirien tassujen anturat olivat karheat, kuivat ja halkeilevat.<\/em><\/p>\n\n\n\n<p><em>Pari kuukautta joka p\u00e4iv\u00e4 k\u00e4ytetty BioMixi\u00e4 ja t\u00e4ss\u00e4 tulos.<\/em><\/p>\n\n\n\n<p><em>Kiitos.<\/em><\/p>\n\n\n\n<p>Heidi ja kaksi dobermannia<\/p>\n\n\n\n<div style=\"height:20px\" aria-hidden=\"true\" class=\"wp-block-spacer\"><\/div>\n\n\n<div class=\"wp-block-image\">\n<figure class=\"alignright size-large\"><img decoding=\"async\" src=\"https:\/\/www.jakke-lisaravinteet.fi\/wordpress\/wp-content\/uploads\/2023\/07\/Karju-Saarijarvi-23.7.17-199x300.jpg\" alt=\"\"\/><\/figure>\n<\/div>\n\n\n<p><strong>N\u00e4yttelyuutisia<\/strong><\/p>\n\n\n\n<p><em>Karju (Euro Power Hanoi Rock) t\u00e4r\u00e4ytteli t\u00e4ll\u00e4 kertaa Suomen kamaralla, ollen Saarij\u00e4rven kansallisessa n\u00e4yttelyss\u00e4 23.7.2017 ROP, RYP-1 sek\u00e4 lopulta BIS-3.<\/em><\/p>\n\n\n\n<p><em>Lis\u00e4ksi 29.7.2017 Helsinki Eukanuba Summer Showssa my\u00f6s ROP.<\/em><\/p>\n\n\n\n<p><em>Proudly powered by Jakke BioMix!<\/em><\/p>\n\n\n\n<p>terveisin Sini Lindfors&nbsp;<img loading=\"lazy\" decoding=\"async\" src=\"https:\/\/www.facebook.com\/images\/emoji.php\/v9\/fd8\/1.5\/16\/1f60a.png\" alt=\"\" width=\"16\" height=\"16\"><\/p>\n\n\n\n<div style=\"height:20px\" aria-hidden=\"true\" class=\"wp-block-spacer\"><\/div>\n\n\n\n<h2 class=\"wp-block-heading has-white-color has-text-color has-background\" style=\"background-color:#1d3ad3\">Jakke Merilev\u00e4<\/h2>\n\n\n<div class=\"wp-block-image\">\n<figure class=\"alignright size-large\"><img decoding=\"async\" src=\"https:\/\/www.jakke-lisaravinteet.fi\/wordpress\/wp-content\/uploads\/2023\/07\/Sofa-ja-koirat-ja-takki-300x200.jpg\" alt=\"\"\/><\/figure>\n<\/div>\n\n\n<p><em>Merilev\u00e4n otin vakituiseen k\u00e4ytt\u00f6\u00f6n meid\u00e4n koirille, Fabille ja S\u00f6p\u00f6lle viime kes\u00e4n\u00e4. Merilev\u00e4 est\u00e4\u00e4 ylim\u00e4\u00e4r\u00e4isen plakin ja hammaskiven muodostumista, lievent\u00e4\u00e4 hengityksen pahaa hajua sek\u00e4 on hyv\u00e4 vatsalle, kynsille ja turkille. Ei olla merilev\u00e4n sy\u00f6t\u00f6n ohella tarvittu ylim\u00e4\u00e4r\u00e4isi\u00e4 hammaspesuja, vaan arki on ollut sujuvaa. Koirien turkki ja kynnet ovat olleet my\u00f6s hyvinvoivia eik\u00e4 hengitys haise pahalle.<\/em><\/p>\n\n\n\n<p>Sofia Palvalin ja koirat<\/p>\n\n\n\n<div style=\"height:20px\" aria-hidden=\"true\" class=\"wp-block-spacer\"><\/div>\n\n\n<div class=\"wp-block-image\">\n<figure class=\"alignright size-large\"><img decoding=\"async\" src=\"https:\/\/www.jakke-lisaravinteet.fi\/wordpress\/wp-content\/uploads\/2023\/07\/Petran-koirat-ja-purkit-300x229.jpg\" alt=\"\"\/><\/figure>\n<\/div>\n\n\n<p><em>Jakke Merilev\u00e4 on ollut koirilla k\u00e4yt\u00f6ss\u00e4 reilu vuoden ja tuote k\u00e4ytettyn\u00e4 hammasharjan kanssa, on v\u00e4hent\u00e4nyt plakin muodostumista hampaissa. N\u00e4m\u00e4 kaksii&nbsp;aktiivista k\u00e4\u00e4pi\u00f6pinseri\u00e4 suosittelevat Jakke-tuottteita&lt;3<\/em><\/p>\n\n\n\n<p>Petra Malin ja koirat<\/p>\n\n\n\n<div style=\"height:20px\" aria-hidden=\"true\" class=\"wp-block-spacer\"><\/div>\n\n\n\n<h2 class=\"wp-block-heading has-white-color has-text-color has-background\" style=\"background-color:#1d3ad3\">Jakke Magn<\/h2>\n\n\n<div class=\"wp-block-image\">\n<figure class=\"alignright size-large\"><img decoding=\"async\" src=\"https:\/\/www.jakke-lisaravinteet.fi\/wordpress\/wp-content\/uploads\/2023\/07\/Jakke-Magn-Merel-koira-225x300.jpg\" alt=\"\"\/><\/figure>\n<\/div>\n\n\n<p>Kooikerhondje Merel on iloinen hassuttelija mutta toisaalta v\u00e4h\u00e4n herkk\u00e4 ja helposti stressaantuva.&nbsp;<\/p>\n\n\n\n<p>T\u00e4n\u00e4 vuonna Merel on alkanut sy\u00f6d\u00e4 Jakke-magnesiumvalmistetta.&nbsp;<\/p>\n\n\n\n<p>Sanotaan, ett\u00e4 magnesium v\u00e4hent\u00e4\u00e4 stressi\u00e4 ja voi parantaa suorituskyky\u00e4 j\u00e4nnitt\u00e4viss\u00e4 tilanteissa, Aktiivinen koira hy\u00f6tyy magnesiumista siksikin, ett\u00e4 magnesium antaa lihassoluille energiaa.<\/p>\n\n\n\n<p>N\u00e4ytt\u00e4\u00e4 silt\u00e4, ett\u00e4 Merelille tulee entist\u00e4 rennompi ja letke\u00e4mpi kes\u00e4!&nbsp;<\/p>\n\n\n\n<p>Anu Kylv\u00e9n<\/p>\n\n\n\n<div style=\"height:20px\" aria-hidden=\"true\" class=\"wp-block-spacer\"><\/div>\n\n\n\n<h2 class=\"wp-block-heading has-white-color has-text-color has-background\" style=\"background-color:#1d3ad3\">Jakke TyrniVS<\/h2>\n\n\n<div class=\"wp-block-image\">\n<figure class=\"alignright size-large\"><img decoding=\"async\" src=\"https:\/\/www.jakke-lisaravinteet.fi\/wordpress\/wp-content\/uploads\/2023\/07\/kokemuksia_img09-300x169.jpg\" alt=\"\"\/><\/figure>\n<\/div>\n\n\n<p><strong>Jakke- TyrniVS:ll\u00e4 punkit h\u00e4\u00e4t\u00f6\u00f6n<\/strong><\/p>\n\n\n\n<p><em>Nyt t\u00e4ytyy kehua t\u00e4t\u00e4 tuotetta. Meill\u00e4 sy\u00f6ty nyt talvi t\u00e4t\u00e4 4 beaglen voimin. Kukaan ei ole k\u00e4rsinyt nen\u00e4punkista t\u00e4n\u00e4 aikana. Joka vuotinen kiusa ollut aiemmin&#8230; Luulen, ett\u00e4 joku taika t\u00e4ll\u00e4. Valkosipuli on varmasti t\u00e4m\u00e4n takana. Nyt jatketaan ja ootetaan punkkikautta ilman muuta h\u00e4\u00e4t\u00f6\u00e4.&nbsp;<\/em><\/p>\n\n\n\n<p>Terkuin Johanna H\u00f6\u00f6k<\/p>\n\n\n\n<div style=\"height:20px\" aria-hidden=\"true\" class=\"wp-block-spacer\"><\/div>","protected":false},"excerpt":{"rendered":"<p>Jakke Action Jakke Actionilla my\u00f6s toimintaa Huipputuote mets\u00e4kaverien hyvinvointiin Action !!!! Johanna Jakke Agility Me ollaan k\u00e4ytetty Jakke-lis\u00e4ravinteita nyt useampi kuukausi. Suosikkimme on Agility-valmiste, joka sis\u00e4lt\u00e4\u00e4 kaikki nivelten ja luuston hyvinvointia edesauttavat ainesosat, kuten glukosamiini, kondroitisulfaatti, ruusunmarja, MSM, kurkuma, yucca, kollageeni ja hyaluron! Ruusunmarja sis\u00e4lt\u00e4\u00e4 c-vitamiinia ja kurkuman kanssa yhdess\u00e4 se vaimentaa luontaisesti tulehduksia! T\u00e4m\u00e4 [&hellip;]<\/p>","protected":false},"author":1,"featured_media":0,"parent":0,"menu_order":0,"comment_status":"closed","ping_status":"closed","template":"","meta":{"footnotes":""},"class_list":["post-42","page","type-page","status-publish","hentry","entry","owp-thumbs-layout-horizontal","owp-btn-normal","owp-tabs-layout-horizontal","has-no-thumbnails"],"_links":{"self":[{"href":"https:\/\/www.jakke-lisaravinteet.fi\/en\/wp-json\/wp\/v2\/pages\/42","targetHints":{"allow":["GET"]}}],"collection":[{"href":"https:\/\/www.jakke-lisaravinteet.fi\/en\/wp-json\/wp\/v2\/pages"}],"about":[{"href":"https:\/\/www.jakke-lisaravinteet.fi\/en\/wp-json\/wp\/v2\/types\/page"}],"author":[{"embeddable":true,"href":"https:\/\/www.jakke-lisaravinteet.fi\/en\/wp-json\/wp\/v2\/users\/1"}],"replies":[{"embeddable":true,"href":"https:\/\/www.jakke-lisaravinteet.fi\/en\/wp-json\/wp\/v2\/comments?post=42"}],"version-history":[{"count":17,"href":"https:\/\/www.jakke-lisaravinteet.fi\/en\/wp-json\/wp\/v2\/pages\/42\/revisions"}],"predecessor-version":[{"id":759,"href":"https:\/\/www.jakke-lisaravinteet.fi\/en\/wp-json\/wp\/v2\/pages\/42\/revisions\/759"}],"wp:attachment":[{"href":"https:\/\/www.jakke-lisaravinteet.fi\/en\/wp-json\/wp\/v2\/media?parent=42"}],"curies":[{"name":"wp","href":"https:\/\/api.w.org\/{rel}","templated":true}]}}