{"id":44,"date":"2023-07-20T11:58:31","date_gmt":"2023-07-20T08:58:31","guid":{"rendered":"https:\/\/www.jakke-lisaravinteet.fi\/wordpress\/?page_id=44"},"modified":"2025-12-22T10:31:54","modified_gmt":"2025-12-22T08:31:54","slug":"jalleenmyyjat","status":"publish","type":"page","link":"https:\/\/www.jakke-lisaravinteet.fi\/en\/jalleenmyyjat\/","title":{"rendered":"Retail"},"content":{"rendered":"<h2 class=\"wp-block-heading has-white-color has-text-color has-background\" style=\"background-color:#1d3ad3\">Uusimaa<\/h2>\n\n\n\n<p><strong>Murren Murkina Tammisto<\/strong><br>Hagelstamintie 31<br>01520 VANTAA<br>Puh. 045 &#8211; 898 2851<br><a href=\"http:\/\/www.murrenmurkina.com\/\">www.murrenmurkina.com<\/a><\/p>\n\n\n\n<p><strong>Murren Murkina Konala<\/strong><br>Ristipellontie 23<br>00390&nbsp; HELSINKI<br>Puh. 040 &#8211; 124 4801<br><a href=\"http:\/\/www.murrenmurkina.com\/\">www.murrenmurkina.com<\/a>&nbsp;<\/p>\n\n\n\n<p><strong>Murren Murkina Roihupelto<\/strong><br>Tulppatie 2 (k\u00e4ynti Laippatien puolelta)<br>00880 HELSINKI<br>Puh. 045 &#8211; 671 6851<br><a href=\"http:\/\/www.murrenmurkina.com\/\">www.murrenmurkina.com<\/a><\/p>\n\n\n\n<p><strong>Murren Murkina Mankkaa<\/strong>&nbsp;<br>Mankkaantie 2-4<br>02180 ESPOO<br>Puh. 040 &#8211; 766 1018<br><a href=\"http:\/\/www.murrenmurkina.com\/\">www.murrenmurkina.com<\/a><\/p>\n\n\n\n<p><strong>Koiratarvike Haukkula Oy&nbsp;<\/strong><br>Tikkurilantie 136<br>01510 VANTAA<br>info@koiratarvikehaukkula.fi<br><a href=\"http:\/\/www.koiratarvikehaukkula.fi\" data-type=\"link\" data-id=\"www.koiratarvikehaukkula.fi\">www.koiratarvikehaukkula.fi<\/a><\/p>\n\n\n\n<p><strong>Design JT Oy\/ Trimmaamo Sitko<\/strong><br>J\u00f6nsaksenpolku 3<br>01600&nbsp; VANTAA<br>Puh. 040 -721 5354<br><a href=\"mailto:sini.tikkaniemi@gmail.com\">sini.tikkaniemi@gmail.com&nbsp;<\/a><\/p>\n\n\n\n<p><strong>Vihre\u00e4 Tassu Oy<\/strong><br>Neilikkatie 4 D<br>01300&nbsp; VANTAA<br>Puh. 050 &#8211; 322 2300<br><a href=\"mailto:myynti@vihre%C3%A4tassu.fi\">myynti@vihreatassu.fi<\/a><\/p>\n\n\n\n<p><strong>SleepInn Oy<\/strong><br>Salavatie 14 b<br>00780  HELSINKI<br>Puh. 044- 737 2531<br><a href=\"http:\/\/www.sleepinnoy.fi\">www.sleepinnoy.fi <\/a><\/p>\n\n\n\n<p><strong>Lemmikkihotelli Tassu&amp;Tassu<\/strong><br>Tulvaniityntie 1&nbsp;<br>00650 HELSINKI<br><a href=\"http:\/\/www.sleepinnoy.fi\">www.tassu.fi<\/a><\/p>\n\n\n\n<h2 class=\"wp-block-heading has-white-color has-text-color has-background\" style=\"background-color:#1d3ad3\">Satakunta ja Varsinais-Suomi<\/h2>\n\n\n\n<p><strong>Dogcare<\/strong><br>Rusthollinrinne 1<br>20880 TURKU<br>Puh. 041 &#8211; 434 3977<br><a href=\"mailto:johanna@dogcare.fi\">johanna@dogcare.fi<\/a>&nbsp;<\/p>\n\n\n\n<h2 class=\"wp-block-heading has-white-color has-text-color has-background\" style=\"background-color:#1d3ad3\">Keski-Suomi<\/h2>\n\n\n\n<p><strong>Rento Veikko\/ Milla Aronen<\/strong><br>Remulantie 8<br>41370&nbsp; KUUSA<br>Puh. 044 &#8211; 286 5366<br><a href=\"mailto:rentoveikko@gmail.com\">rentoveikko@gmail.com<\/a><\/p>\n\n\n\n<p><strong>Nordic Pet Shop<\/strong><br>Kauhatie 6 L<br>40320 JYV\u00c4SKYL\u00c4<br><a href=\"http:\/\/www.nordicpetshop.com\/\">www.nordicpetshop.com<\/a><\/p>\n\n\n\n<h2 class=\"wp-block-heading has-white-color has-text-color has-background\" style=\"background-color:#1d3ad3\">P\u00e4ij\u00e4t-H\u00e4me<\/h2>\n\n\n\n<p><strong>Apteekki Karisma<\/strong><br>Karisman kauppakeskus<br>Kauppiaankatu 2<br>15160 LAHTI<\/p>\n\n\n\n<p><strong>K\u00e4rkk\u00e4inen Lahti<\/strong><br>Pasaasi 2<br>15700 LAHTI<\/p>\n\n\n\n<p><strong>FysioHelka<\/strong><br>Puh.&nbsp;050 &#8211; 348 3045<br><a href=\"mailto:heli@fysiohelka.fi\">heli@fysiohelka.fi<\/a><br><a href=\"http:\/\/www.fysiohelka.fi\/\">www.fysiohelka.fi<\/a><\/p>\n\n\n\n<h2 class=\"wp-block-heading has-white-color has-text-color has-background\" style=\"background-color:#1d3ad3\">Kanta-H\u00e4me<\/h2>\n\n\n\n<p><strong>Lopen El\u00e4inklinikka Oy<\/strong><br>Viertotie 2<br>12700 LOPPI<br>Puh. 050 362 9375<\/p>\n\n\n\n<h2 class=\"wp-block-heading has-white-color has-text-color has-background\" style=\"background-color:#1d3ad3\">Etel\u00e4-Karjala<\/h2>\n\n\n\n<p><strong>Villiniitty Oy,&nbsp;<\/strong>valmistaja, my\u00f6s myynti (yhteydenotot puhelimitse tai s\u00e4hk\u00f6postitse)<br>LAPPEENRANTA<br>Puh. 040 &#8211; 738 4198<br><a href=\"mailto:info@criollo.fi\">info@jakke-lisaravinteet.f<\/a><\/p>\n\n\n\n<h2 class=\"wp-block-heading has-white-color has-text-color has-background\" style=\"background-color:#1d3ad3\">Pohjois-Karjala<\/h2>\n\n\n\n<p><strong>Erikoiskoirat Kimmo Sairanen<\/strong><br>Kotkanpes\u00e4ntie 33<br>82360&nbsp; ONKAMO<br>Puh. 045 &#8211; 232 8310&nbsp;<br><a href=\"mailto:erikoiskoirat@gmail.com\">erikoiskoirat@gmail.com<\/a>&nbsp;<\/p>\n\n\n\n<p><strong>Piskin Parraaks\/ Tanja Kalilainen<\/strong><br>Terottajantie 12<br>75500&nbsp; NURMES<br>Puh.&nbsp; 0400 &#8211; 420 517<br><a href=\"mailto:piskinparraaks@gmail.com\">piskinparraaks@gmail.com<\/a>&nbsp;<\/p>\n\n\n\n<p><strong>Koirakoulu Positiivisesti\/ Outi Huuskonen<\/strong><br>Haapatie 26<br>80110&nbsp; JOENSUU<br>Puh. 040 &#8211; 724 0102, 041 &#8211; 456 9488<br><a href=\"mailto:ohuusko@hotmail.com\">ohuusko@hotmail.com<\/a><\/p>\n\n\n\n<h2 class=\"wp-block-heading has-white-color has-text-color has-background\" style=\"background-color:#1d3ad3\">Kymenlaakso<\/h2>\n\n\n\n<p><strong>Onnipet Oy<\/strong><br>Korjaamotie 7<br>49400&nbsp; HAMINA<br>Puh. 044 &#8211; 984 1070<br><a href=\"mailto:info@onnipet.com\">info@onnipet.com<\/a>&nbsp;<\/p>\n\n\n\n<p><strong>Koirakoulu Tassunen\/ Hanna Tani<\/strong><br>Per\u00e4palo 202<br>46960&nbsp; MUHNIEMI<br>Puh. 040 &#8211; 830 9909<br><a href=\"mailto:koirakoulutassunen@gmail.com\">koirakoulutassunen@gmail.com<\/a><\/p>\n\n\n\n<p><strong>Kouvolan Hevoshieronta Ky\/ Noora Virtanen<\/strong><br>Puh. 050 &#8211; 535 7921<br><a href=\"mailto:tuulikalliontila@gmail.com\">tuulikalliontila@gmail.com<\/a>&nbsp;<\/p>\n\n\n\n<h2 class=\"wp-block-heading has-white-color has-text-color has-background\" style=\"background-color:#1d3ad3\">Etel\u00e4-Savo<\/h2>\n\n\n\n<p><strong>IlonTassut Oy<\/strong><br>Simasalonkatu 4<br>57200 Savonlinna<br>Puh.nro 050 &#8211; 351 5433<br><a href=\"mailto:info@ilontassut.fi\">info@ilontassut.fi<\/a>&nbsp;<\/p>\n\n\n\n<h2 class=\"wp-block-heading has-white-color has-text-color has-background\" style=\"background-color:#1d3ad3\">Pohjois-Savo<\/h2>\n\n\n\n<p><strong>Murrehuoltamo<\/strong><br>Telkkistentie 2<br>70460 KUOPIO<br>Puh. 041 &#8211; 312 6285<\/p>\n\n\n\n<h2 class=\"wp-block-heading has-white-color has-text-color has-background\" style=\"background-color:#1d3ad3\">Pirkanmaa<\/h2>\n\n\n\n<p><strong>Vipstore Oy<\/strong><br>Killinkoskentie 23<br>34800 VIRRAT<br>Puh. 044 080 1155<br><a href=\"http:\/\/www.vipstore.fi\" data-type=\"link\" data-id=\"www.vipstore.fi\">www.vipstore.fi<\/a><\/p>\n\n\n\n<p><strong>Haukkis Oy<\/strong><br>Hopunkatu 8<br>38200&nbsp; SASTAMALA<br>Puh. 041 &#8211; 319 3172<br><a href=\"mailto:haukkis@haukkis.fi\">haukkis@haukkis.fi<\/a>&nbsp;<\/p>\n\n\n\n<p><strong>Koirahieronta Tassukas<br><\/strong>Keskuskatu 1 <br>33960&nbsp; PIRKKALA<br>Puh. 045 78388707<br><\/p>\n\n\n\n<h2 class=\"wp-block-heading has-white-color has-text-color has-background\" style=\"background-color:#1d3ad3\">Pohjois-Pohjanmaa<\/h2>\n\n\n\n<p><strong>DogStop Oy<\/strong><br>Tuiskutie 3<br>90630&nbsp; OULU<br><a href=\"mailto:info@hundspa.fi\" target=\"_blank\" rel=\"noreferrer noopener\">info@dogstop.fi<\/a><br>Puh. 050 &#8211; 321 0276<\/p>\n\n\n\n<div class=\"wp-block-group\"><div class=\"wp-block-group__inner-container is-layout-constrained wp-block-group-is-layout-constrained\">\n<p><strong>Sportdogs Center Oy<\/strong><br>Riihiraitti 2<br>90240 OULU<br><a href=\"mailto:info@sportdogscenter.com\" target=\"_blank\" rel=\"noreferrer noopener\">info@sportdogscenter.com<\/a><br>Puh. 044 &#8211; 984 4126<\/p>\n<\/div><\/div>\n\n\n\n<div class=\"wp-block-group\"><div class=\"wp-block-group__inner-container is-layout-constrained wp-block-group-is-layout-constrained\">\n<p><strong>JanDogs\/ Janita Peura<\/strong><br>Kauppiaantie 25<br>90460&nbsp; OULUNSALO<br><a href=\"mailto:info.jandogs@gmail.com\">info.jandogs@gmail.com<\/a>&nbsp;<br>Puh. 040 &#8211; 588 5853<\/p>\n<\/div><\/div>\n\n\n\n<p><strong>Tmi KoiraSoppi\/ Katariina Leinonen<\/strong><br>Lehonsaarentie 43<br>86650&nbsp; KYT\u00d6KYL\u00c4<br>Puh. 045 &#8211; 639 7919<em>&nbsp;<\/em><br><a href=\"mailto:koirasoppi@gmail.com\">koirasoppi@gmail.com<\/a>&nbsp;<\/p>\n\n\n\n<p><strong>K\u00e4p\u00e4l\u00e4korjaamo\/ Heidi Untila<\/strong><br>Ouluntaival 10 a 3&nbsp;<br>93800&nbsp; KUUSAMO<br>Puh.&nbsp;040 &#8211; 574 4604<\/p>\n\n\n\n<h2 class=\"wp-block-heading has-white-color has-text-color has-background\" style=\"background-color:#1d3ad3\"><\/h2>\n\n\n\n<p><\/p>","protected":false},"excerpt":{"rendered":"<p>Uusimaa Murren Murkina TammistoHagelstamintie 3101520 VANTAAPuh. 045 &#8211; 898 2851www.murrenmurkina.com Murren Murkina KonalaRistipellontie 2300390&nbsp; HELSINKIPuh. 040 &#8211; 124 4801www.murrenmurkina.com&nbsp; Murren Murkina RoihupeltoTulppatie 2 (k\u00e4ynti Laippatien puolelta)00880 HELSINKIPuh. 045 &#8211; 671 6851www.murrenmurkina.com Murren Murkina Mankkaa&nbsp;Mankkaantie 2-402180 ESPOOPuh. 040 &#8211; 766 1018www.murrenmurkina.com Koiratarvike Haukkula Oy&nbsp;Tikkurilantie 13601510 VANTAAinfo@koiratarvikehaukkula.fiwww.koiratarvikehaukkula.fi Design JT Oy\/ Trimmaamo SitkoJ\u00f6nsaksenpolku 301600&nbsp; VANTAAPuh. 040 -721 5354sini.tikkaniemi@gmail.com&nbsp; [&hellip;]<\/p>","protected":false},"author":1,"featured_media":0,"parent":0,"menu_order":0,"comment_status":"closed","ping_status":"closed","template":"","meta":{"footnotes":""},"class_list":["post-44","page","type-page","status-publish","hentry","entry","owp-thumbs-layout-horizontal","owp-btn-normal","owp-tabs-layout-horizontal","has-no-thumbnails"],"_links":{"self":[{"href":"https:\/\/www.jakke-lisaravinteet.fi\/en\/wp-json\/wp\/v2\/pages\/44","targetHints":{"allow":["GET"]}}],"collection":[{"href":"https:\/\/www.jakke-lisaravinteet.fi\/en\/wp-json\/wp\/v2\/pages"}],"about":[{"href":"https:\/\/www.jakke-lisaravinteet.fi\/en\/wp-json\/wp\/v2\/types\/page"}],"author":[{"embeddable":true,"href":"https:\/\/www.jakke-lisaravinteet.fi\/en\/wp-json\/wp\/v2\/users\/1"}],"replies":[{"embeddable":true,"href":"https:\/\/www.jakke-lisaravinteet.fi\/en\/wp-json\/wp\/v2\/comments?post=44"}],"version-history":[{"count":37,"href":"https:\/\/www.jakke-lisaravinteet.fi\/en\/wp-json\/wp\/v2\/pages\/44\/revisions"}],"predecessor-version":[{"id":2558,"href":"https:\/\/www.jakke-lisaravinteet.fi\/en\/wp-json\/wp\/v2\/pages\/44\/revisions\/2558"}],"wp:attachment":[{"href":"https:\/\/www.jakke-lisaravinteet.fi\/en\/wp-json\/wp\/v2\/media?parent=44"}],"curies":[{"name":"wp","href":"https:\/\/api.w.org\/{rel}","templated":true}]}}