{"id":48,"date":"2023-07-20T11:59:07","date_gmt":"2023-07-20T08:59:07","guid":{"rendered":"https:\/\/www.jakke-lisaravinteet.fi\/wordpress\/?page_id=48"},"modified":"2026-05-04T20:57:46","modified_gmt":"2026-05-04T17:57:46","slug":"yhteystiedot","status":"publish","type":"page","link":"https:\/\/www.jakke-lisaravinteet.fi\/en\/yhteystiedot\/","title":{"rendered":"Contact us"},"content":{"rendered":"<h1 class=\"wp-block-heading\">Contact us<\/h1>\n\n\n\n<p><strong>Varasto \/ k\u00e4yntiosoite:<\/strong><\/p>\n\n\n\n<p><strong>Villiniitty Oy<\/strong>   (2610290-2)<br>M\u00e4ntysuonkatu 6 D<br>53550 Lappeenranta<\/p>\n\n\n\n<p><strong>Postitusosoite:<\/strong><\/p>\n\n\n\n<p><strong>Villiniitty Oy<\/strong><br>Lensulantie 468<br>54300 Lappeenranta<br>Finland<\/p>\n\n\n\n<p><strong>Puh.\/ Tel.<\/strong><br>+358 40 738 4198&nbsp; &nbsp; Eija Eklund (ark. klo 9 &#8211; 16),&nbsp;mik\u00e4li puheluusi ei vastata, soitan sinulle takaisin heti pikimmiten&nbsp;<\/p>\n\n\n\n<p><strong>E-mail:<\/strong><br><a href=\"mailto:info@jakke-lisaravinteet.fi\">info@jakke-lisaravinteet.fi<\/a><\/p>\n\n\n\n<p>.<\/p>","protected":false},"excerpt":{"rendered":"<p>Yhteystiedot Varasto \/ k\u00e4yntiosoite: Villiniitty Oy (2610290-2)M\u00e4ntysuonkatu 6 D53550 Lappeenranta Postitusosoite: Villiniitty OyLensulantie 46854300 LappeenrantaFinland Puh.\/ Tel.+358 40 738 4198&nbsp; &nbsp; Eija Eklund (ark. klo 9 &#8211; 16),&nbsp;mik\u00e4li puheluusi ei vastata, soitan sinulle takaisin heti pikimmiten&nbsp; S\u00e4hk\u00f6postiosoite\/ E-mail:info@jakke-lisaravinteet.fi Tiedoksi, ett\u00e4 &#8221;Katiska&#8221; ei kuulu yrityksemme toimintaan.<\/p>","protected":false},"author":1,"featured_media":0,"parent":0,"menu_order":0,"comment_status":"closed","ping_status":"closed","template":"","meta":{"footnotes":""},"class_list":["post-48","page","type-page","status-publish","hentry","entry","owp-thumbs-layout-horizontal","owp-btn-normal","owp-tabs-layout-horizontal","has-no-thumbnails"],"_links":{"self":[{"href":"https:\/\/www.jakke-lisaravinteet.fi\/en\/wp-json\/wp\/v2\/pages\/48","targetHints":{"allow":["GET"]}}],"collection":[{"href":"https:\/\/www.jakke-lisaravinteet.fi\/en\/wp-json\/wp\/v2\/pages"}],"about":[{"href":"https:\/\/www.jakke-lisaravinteet.fi\/en\/wp-json\/wp\/v2\/types\/page"}],"author":[{"embeddable":true,"href":"https:\/\/www.jakke-lisaravinteet.fi\/en\/wp-json\/wp\/v2\/users\/1"}],"replies":[{"embeddable":true,"href":"https:\/\/www.jakke-lisaravinteet.fi\/en\/wp-json\/wp\/v2\/comments?post=48"}],"version-history":[{"count":10,"href":"https:\/\/www.jakke-lisaravinteet.fi\/en\/wp-json\/wp\/v2\/pages\/48\/revisions"}],"predecessor-version":[{"id":2835,"href":"https:\/\/www.jakke-lisaravinteet.fi\/en\/wp-json\/wp\/v2\/pages\/48\/revisions\/2835"}],"wp:attachment":[{"href":"https:\/\/www.jakke-lisaravinteet.fi\/en\/wp-json\/wp\/v2\/media?parent=48"}],"curies":[{"name":"wp","href":"https:\/\/api.w.org\/{rel}","templated":true}]}}