{"id":136,"date":"2023-07-21T14:36:51","date_gmt":"2023-07-21T11:36:51","guid":{"rendered":"https:\/\/www.jakke-lisaravinteet.fi\/wordpress\/?post_type=product&#038;p=136"},"modified":"2026-02-12T16:16:53","modified_gmt":"2026-02-12T14:16:53","slug":"action","status":"publish","type":"product","link":"https:\/\/www.jakke-lisaravinteet.fi\/en\/product\/action\/","title":{"rendered":"Action - for sensitive stomach &amp; beef allergy"},"content":{"rendered":"<h2>Product description<\/h2>\n<p style=\"font-weight: 400;\">Jakke Action is an effective and modern joint supplement that brings energy and mobility to your pet\u2019s life. This unique blend contains glucosamine (from shellfish), hyaluronic acid, turmeric, yucca, and rosehip \u2013 all without unnecessary fillers! Jakke Action is specially formulated to support joint health and help with various joint-related challenges.<\/p>\n<h2><\/h2>\n<h2><\/h2>\n<h2>For whom and why?<\/h2>\n<ul>\n<li><strong>\u2688 For dogs prone to heartburn:<\/strong> The product does not contain MSM, which may cause heartburn in some dogs.<\/li>\n<li><strong>\u2688 The choice for dogs with beef allergies:<\/strong> the product contains no beef-derived ingredients.<\/li>\n<li><strong>\u2688 An effective combination for joint support.<\/strong><\/li>\n<li><strong>\u2688 No fillers<\/strong><\/li>\n<li><strong>\u2688 Easy to dose.<\/strong><\/li>\n<\/ul>","protected":false},"excerpt":{"rendered":"<p style=\"font-weight: 400;\">Herkk\u00e4vatsaiselle ja nauta-allergikolle nivelravinne \u2013 Jakke Action on oikea valinta! Sis\u00e4lt\u00e4\u00e4 glukosamiinia, hyaluronihappoa, kurkumaa, yuccaa ja ruusunmarjaa.<\/p>","protected":false},"featured_media":579,"comment_status":"open","ping_status":"closed","template":"","meta":[],"product_brand":[],"product_cat":[15,24],"product_tag":[73],"class_list":{"0":"post-136","1":"product","2":"type-product","3":"status-publish","4":"has-post-thumbnail","6":"product_cat-yleinen","7":"product_cat-nivelet-ja-janteet","8":"product_tag-herkkavatsaisille-sopiva-nivelravinne","10":"entry","11":"has-media","13":"first","14":"instock","15":"taxable","16":"shipping-taxable","17":"purchasable","18":"product-type-variable","19":"has-rating","20":"col","21":"span_1_of_4","22":"owp-content-center","23":"owp-thumbs-layout-horizontal","24":"owp-btn-normal","25":"owp-tabs-layout-horizontal"},"_links":{"self":[{"href":"https:\/\/www.jakke-lisaravinteet.fi\/en\/wp-json\/wp\/v2\/product\/136","targetHints":{"allow":["GET"]}}],"collection":[{"href":"https:\/\/www.jakke-lisaravinteet.fi\/en\/wp-json\/wp\/v2\/product"}],"about":[{"href":"https:\/\/www.jakke-lisaravinteet.fi\/en\/wp-json\/wp\/v2\/types\/product"}],"replies":[{"embeddable":true,"href":"https:\/\/www.jakke-lisaravinteet.fi\/en\/wp-json\/wp\/v2\/comments?post=136"}],"wp:featuredmedia":[{"embeddable":true,"href":"https:\/\/www.jakke-lisaravinteet.fi\/en\/wp-json\/wp\/v2\/media\/579"}],"wp:attachment":[{"href":"https:\/\/www.jakke-lisaravinteet.fi\/en\/wp-json\/wp\/v2\/media?parent=136"}],"wp:term":[{"taxonomy":"product_brand","embeddable":true,"href":"https:\/\/www.jakke-lisaravinteet.fi\/en\/wp-json\/wp\/v2\/product_brand?post=136"},{"taxonomy":"product_cat","embeddable":true,"href":"https:\/\/www.jakke-lisaravinteet.fi\/en\/wp-json\/wp\/v2\/product_cat?post=136"},{"taxonomy":"product_tag","embeddable":true,"href":"https:\/\/www.jakke-lisaravinteet.fi\/en\/wp-json\/wp\/v2\/product_tag?post=136"}],"curies":[{"name":"wp","href":"https:\/\/api.w.org\/{rel}","templated":true}]}}